{"id":1034,"date":"2021-07-31T12:56:27","date_gmt":"2021-07-31T15:56:27","guid":{"rendered":"https:\/\/motionfriends.com\/?page_id=1034"},"modified":"2021-07-31T12:56:27","modified_gmt":"2021-07-31T15:56:27","slug":"politica-de-privacidade","status":"publish","type":"page","link":"https:\/\/motionfriends.com\/pb\/politica-de-privacidade\/","title":{"rendered":"Pol\u00edtica de Privacidade"},"content":{"rendered":"<p><div class=\"fusion-fullwidth fullwidth-box fusion-builder-row-1 fusion-flex-container nonhundred-percent-fullwidth non-hundred-percent-height-scrolling\" style=\"--awb-border-radius-top-left:0px;--awb-border-radius-top-right:0px;--awb-border-radius-bottom-right:0px;--awb-border-radius-bottom-left:0px;--awb-flex-wrap:wrap;\" ><div class=\"fusion-builder-row fusion-row fusion-flex-align-items-flex-start fusion-flex-content-wrap\" style=\"max-width:1144px;margin-left: calc(-4% \/ 2 );margin-right: calc(-4% \/ 2 );\"><div class=\"fusion-layout-column fusion_builder_column fusion-builder-column-0 fusion_builder_column_1_1 1_1 fusion-flex-column\" style=\"--awb-bg-size:cover;--awb-width-large:100%;--awb-margin-top-large:0px;--awb-spacing-right-large:1.92%;--awb-margin-bottom-large:20px;--awb-spacing-left-large:1.92%;--awb-width-medium:100%;--awb-order-medium:0;--awb-spacing-right-medium:1.92%;--awb-spacing-left-medium:1.92%;--awb-width-small:100%;--awb-order-small:0;--awb-spacing-right-small:1.92%;--awb-spacing-left-small:1.92%;\"><div class=\"fusion-column-wrapper fusion-column-has-shadow fusion-flex-justify-content-flex-start fusion-content-layout-column\"><div class=\"fusion-text fusion-text-1\"><h3><b>Pol\u00edtica de Privacidade\u00a0<\/b><\/h3>\n<p>Essa pol\u00edtica tem como principal objetivo informar e dar acesso facilitado, de forma clara, adequada e ostensiva sobre o tratamento de dados pessoais pela Motion Friends, em especial sobre:<\/p>\n<p>(i) sua finalidade;<\/p>\n<p>(ii) forma e dura\u00e7\u00e3o;<\/p>\n<p>(iii) compartilhamento dentro da Motion Friends e com terceiros;<\/p>\n<p>(iv) nossas responsabilidades e seus direitos, como titular de dados pessoais.<\/p>\n<p>A Motion Friends refor\u00e7a diariamente o compromisso com a prote\u00e7\u00e3o e privacidade dos seus dados. Nosso Encarregado de Dados est\u00e1 \u00e0 disposi\u00e7\u00e3o atrav\u00e9s do e-mail <span data-sheets-value=\"\" data-sheets-userformat=\"\">contato@motionfriends.com<\/span>\u00a0e pronto para atend\u00ea-lo!<\/p>\n<p><b>Nosso Site\u00a0<\/b>(<a href=\"https:\/\/www.tomorrowagency.com.br\/\">https:\/\/motionfriends.com\/pb\/<\/a>)<\/p>\n<p>Voc\u00ea pode navegar pelo site sem revelar informa\u00e7\u00f5es pessoais, ou seja, que identificam ou s\u00e3o pass\u00edveis de identificar algu\u00e9m. Informa\u00e7\u00f5es an\u00f4nimas n\u00e3o s\u00e3o consideradas informa\u00e7\u00f5es pessoais por n\u00e3o identificarem um usu\u00e1rio espec\u00edfico.<\/p>\n<p>N\u00e3o capturamos nem armazenamos informa\u00e7\u00f5es pessoais de indiv\u00edduos que acessam este site, exceto quando d\u00e3o seu consentimento livre, informado e inequ\u00edvoco, sendo devidamente registrado em nossa base de dados e pass\u00edvel de revoga\u00e7\u00e3o, a qualquer momento, mediante solicita\u00e7\u00e3o, por email, direcionada ao nosso Encarregado de Dados.<\/p>\n<p>O seu consentimento nos autoriza, expressamente, a:<\/p>\n<p>(i) compartilhar as suas informa\u00e7\u00f5es de contato entre nossas empresas do grupo, para a exclusiva finalidade de entrega dos produtos, servi\u00e7os ou informa\u00e7\u00f5es solicitadas;<\/p>\n<p>(ii) receber boletins ou material sobre n\u00f3s e\/ou nossos servi\u00e7os e produtos;<\/p>\n<p>(iii) tratar seus dados pessoais nos termos dessa Pol\u00edtica.<\/p>\n<p>Embora possamos compartilhar informa\u00e7\u00f5es entre nossas afiliadas, n\u00e3o transmitimos nada para organiza\u00e7\u00f5es e\/ou indiv\u00edduos externos, exceto mediante seu consentimento livre, informado e inequ\u00edvoco, a menos que tal a\u00e7\u00e3o seja dispensada no escopo das hip\u00f3teses leg\u00edtimas de tratamento de dados pessoais, previstas na legisla\u00e7\u00e3o vigente e que nos seja aplic\u00e1vel.<\/p>\n<p><b>Como as informa\u00e7\u00f5es s\u00e3o utilizadas\u00a0<\/b><\/p>\n<p>A principal finalidade para o uso de informa\u00e7\u00f5es \u00e9 sua necessidade para a conclus\u00e3o de transa\u00e7\u00f5es e a necessidade de informar o consumidor sobre nossos produtos e servi\u00e7os.<\/p>\n<p>Um exemplo dessa situa\u00e7\u00e3o seria a opera\u00e7\u00e3o do site e a resposta de perguntas recebidas atrav\u00e9s de nosso contato.<\/p>\n<p>Poderemos entrar em contato por meio de pesquisas para conhecer sua opini\u00e3o sobre os servi\u00e7os e mercadorias existentes ou sobre novos servi\u00e7os e mercadorias que ser\u00e3o oferecidos no futuro.<\/p>\n<p>N\u00e3o fornecemos informa\u00e7\u00f5es pessoais a terceiros para fins de marketing. Poderemos utilizar informa\u00e7\u00f5es pessoais para responder suas perguntas e, posteriormente, enviar-lhe informa\u00e7\u00f5es sobre os nossos produtos e servi\u00e7os.<\/p>\n<p>Se desejar, voc\u00ea poder\u00e1 optar por n\u00e3o receber comunica\u00e7\u00f5es de marketing. Basta entrar em contato conosco, atrav\u00e9s de nosso Encarregado de Dados.<\/p>\n<p><b>Divulga\u00e7\u00e3o de informa\u00e7\u00f5es<\/b><\/p>\n<p>Divulgamos informa\u00e7\u00f5es pessoais para satisfazer exig\u00eancias e solicita\u00e7\u00f5es legais, fazer cumprir nossas pol\u00edticas e proteger os direitos, propriedade e seguran\u00e7a da Tomorrow Agency e outros.<\/p>\n<p>Tais informa\u00e7\u00f5es ser\u00e3o divulgadas em conformidade com os regulamentos e a Lei Geral de Prote\u00e7\u00e3o de Dados, Lei 13.709\/2018, quando vigente. Fornecemos informa\u00e7\u00f5es pessoais aos prestadores de servi\u00e7os contratados que auxiliam as nossas opera\u00e7\u00f5es comerciais, exclusivamente para o cumprimento do objeto do contrato.<\/p>\n<p>Divulgaremos informa\u00e7\u00f5es a agentes da lei, a ag\u00eancias governamentais ou terceiros autorizados, em resposta a uma ordem judicial, decorrente de uma investiga\u00e7\u00e3o criminal. Em tais eventos, divulgaremos unicamente as informa\u00e7\u00f5es solicitadas e contidas expressamente na demanda.<\/p>\n<p>Se estivermos envolvidos ou considerando uma poss\u00edvel fus\u00e3o ou aquisi\u00e7\u00e3o corporativa com outra entidade empresarial, informa\u00e7\u00f5es pessoais poder\u00e3o ser divulgadas e provavelmente adquiridas pela outra entidade empresarial (\"Opera\u00e7\u00e3o Societ\u00e1ria\"). Nesse caso, vamos adotar todas as medidas de prote\u00e7\u00e3o, adequa\u00e7\u00e3o e respeito \u00e0 finalidade e, quando concretizada a Opera\u00e7\u00e3o Societ\u00e1ria, voc\u00ea ser\u00e1 notificado para consentir ou se opor ao tratamento de dados pela nova entidade.<\/p>\n<p>Ademais, poderemos divulgar informa\u00e7\u00f5es pessoais em situa\u00e7\u00f5es cuja natureza sugere tratar-se de emerg\u00eancias envolvendo potenciais amea\u00e7as \u00e0 seguran\u00e7a f\u00edsica, \u00e0 pessoa ou \u00e0 propriedade, se entendermos que as mencionadas informa\u00e7\u00f5es se relacionam, de alguma forma, com a referida amea\u00e7a.<\/p>\n<p><b>Acessar, rever, atualizar e eliminar as suas informa\u00e7\u00f5es<\/b><\/p>\n<p>Voc\u00ea poder\u00e1 entrar em contato conosco e solicitar a revis\u00e3o das informa\u00e7\u00f5es pessoais coletadas a seu respeito, sempre que desejar, mediante contato com nosso Encarregado de Dados, identificado abaixo.<\/p>\n<p>Voc\u00ea tamb\u00e9m poder\u00e1 solicitar a corre\u00e7\u00e3o ou atualiza\u00e7\u00e3o das informa\u00e7\u00f5es.<\/p>\n<p>Caso opte por eliminar suas informa\u00e7\u00f5es, acataremos sua solicita\u00e7\u00e3o prontamente, sem qualquer custo e de forma facilitada, ratificados os tratamentos realizados sob amparo do consentimento anteriormente manifestado enquanto n\u00e3o formalizado o procedimento de elimina\u00e7\u00e3o.<\/p>\n<p>Poderemos conservar seus dados pessoais, independente do seu pedido de elimina\u00e7\u00e3o e consentimento, conforme artigo 16 da Lei Geral de Prote\u00e7\u00e3o de Dados, nas seguintes situa\u00e7\u00f5es e respeitadas as seguintes finalidades:<\/p>\n<p>(i) cumprimento de obriga\u00e7\u00e3o legal ou regulat\u00f3ria;<\/p>\n<p>(ii) estudo por \u00f3rg\u00e3o de pesquisa, garantida, sempre que poss\u00edvel, a anonimiza\u00e7\u00e3o;<\/p>\n<p>(iii) transfer\u00eancia a terceiro, respeitados os direitos do titular e previs\u00e3o nas leis de prote\u00e7\u00e3o de dados e privacidade;<\/p>\n<p>(iv) nosso uso exclusivo, desde que vedado acesso por terceiro, e desde que anonimizados os dados.<\/p>\n<p><b>Prazo de Reten\u00e7\u00e3o de Informa\u00e7\u00f5es Pessoais<\/b><\/p>\n<p>Consideradas as situa\u00e7\u00f5es, a Tomorrow Agency conservar\u00e1 suas informa\u00e7\u00f5es pessoais, pelo prazo de reten\u00e7\u00e3o adequado, considerada a situa\u00e7\u00e3o que justifica o tratamento:<\/p>\n<p>(i) se amparada pelo consentimento, pelo prazo do consentimento;<\/p>\n<p>(ii) se para cumprimento de obriga\u00e7\u00e3o legal ou regulat\u00f3ria, pelo prazo indicado na norma em quest\u00e3o;<\/p>\n<p>(iii) se para o cumprimento de contrato, at\u00e9 o alcance dos objetivos da rela\u00e7\u00e3o contratual;<\/p>\n<p>(iv) se fundado no leg\u00edtimo interesse da Tomorrow Agency, que sempre ser\u00e1 precedido de uma an\u00e1lise de impacto de privacidade e realizado dentro dos limites da finalidade que o justifica, at\u00e9 que este cesse.<\/p>\n<\/div><\/div><\/div><\/div><\/div><\/p>","protected":false},"excerpt":{"rendered":"","protected":false},"author":1,"featured_media":0,"parent":0,"menu_order":0,"comment_status":"closed","ping_status":"closed","template":"","meta":{"footnotes":""},"class_list":["post-1034","page","type-page","status-publish","hentry"],"yoast_head":"<!-- This site is optimized with the Yoast SEO plugin v27.4 - https:\/\/yoast.com\/product\/yoast-seo-wordpress\/ -->\n<title>Pol\u00edtica de Privacidade - Motion Friends<\/title>\n<meta name=\"robots\" content=\"index, follow, max-snippet:-1, max-image-preview:large, max-video-preview:-1\" \/>\n<link rel=\"canonical\" href=\"https:\/\/motionfriends.com\/politica-de-privacidade\/\" \/>\n<meta property=\"og:locale\" content=\"pt_BR\" \/>\n<meta property=\"og:type\" content=\"article\" \/>\n<meta property=\"og:title\" content=\"Pol\u00edtica de Privacidade - Motion Friends\" \/>\n<meta property=\"og:url\" content=\"https:\/\/motionfriends.com\/politica-de-privacidade\/\" \/>\n<meta property=\"og:site_name\" content=\"Motion Friends\" \/>\n<meta property=\"article:publisher\" content=\"https:\/\/www.facebook.com\/motionfriendsdigital\" \/>\n<meta name=\"twitter:card\" content=\"summary_large_image\" \/>\n<meta name=\"twitter:label1\" content=\"Est. tempo de leitura\" \/>\n\t<meta name=\"twitter:data1\" content=\"5 minutos\" \/>\n<script type=\"application\/ld+json\" class=\"yoast-schema-graph\">{\"@context\":\"https:\\\/\\\/schema.org\",\"@graph\":[{\"@type\":\"WebPage\",\"@id\":\"https:\\\/\\\/motionfriends.com\\\/politica-de-privacidade\\\/\",\"url\":\"https:\\\/\\\/motionfriends.com\\\/politica-de-privacidade\\\/\",\"name\":\"Pol\u00edtica de Privacidade - Motion Friends\",\"isPartOf\":{\"@id\":\"https:\\\/\\\/motionfriends.com\\\/#website\"},\"datePublished\":\"2021-07-31T15:56:27+00:00\",\"breadcrumb\":{\"@id\":\"https:\\\/\\\/motionfriends.com\\\/politica-de-privacidade\\\/#breadcrumb\"},\"inLanguage\":\"pt-BR\",\"potentialAction\":[{\"@type\":\"ReadAction\",\"target\":[\"https:\\\/\\\/motionfriends.com\\\/politica-de-privacidade\\\/\"]}]},{\"@type\":\"BreadcrumbList\",\"@id\":\"https:\\\/\\\/motionfriends.com\\\/politica-de-privacidade\\\/#breadcrumb\",\"itemListElement\":[{\"@type\":\"ListItem\",\"position\":1,\"name\":\"Home\",\"item\":\"https:\\\/\\\/motionfriends.com\\\/\"},{\"@type\":\"ListItem\",\"position\":2,\"name\":\"Pol\u00edtica de Privacidade\"}]},{\"@type\":\"WebSite\",\"@id\":\"https:\\\/\\\/motionfriends.com\\\/#website\",\"url\":\"https:\\\/\\\/motionfriends.com\\\/\",\"name\":\"Motion Friends\",\"description\":\"Digital solutions for you\",\"publisher\":{\"@id\":\"https:\\\/\\\/motionfriends.com\\\/#organization\"},\"potentialAction\":[{\"@type\":\"SearchAction\",\"target\":{\"@type\":\"EntryPoint\",\"urlTemplate\":\"https:\\\/\\\/motionfriends.com\\\/?s={search_term_string}\"},\"query-input\":{\"@type\":\"PropertyValueSpecification\",\"valueRequired\":true,\"valueName\":\"search_term_string\"}}],\"inLanguage\":\"pt-BR\"},{\"@type\":\"Organization\",\"@id\":\"https:\\\/\\\/motionfriends.com\\\/#organization\",\"name\":\"Motion Friends\",\"url\":\"https:\\\/\\\/motionfriends.com\\\/\",\"logo\":{\"@type\":\"ImageObject\",\"inLanguage\":\"pt-BR\",\"@id\":\"https:\\\/\\\/motionfriends.com\\\/#\\\/schema\\\/logo\\\/image\\\/\",\"url\":\"https:\\\/\\\/motionfriends.com\\\/wp-content\\\/uploads\\\/2015\\\/07\\\/motionfriends_logo_v01.png\",\"contentUrl\":\"https:\\\/\\\/motionfriends.com\\\/wp-content\\\/uploads\\\/2015\\\/07\\\/motionfriends_logo_v01.png\",\"width\":720,\"height\":720,\"caption\":\"Motion Friends\"},\"image\":{\"@id\":\"https:\\\/\\\/motionfriends.com\\\/#\\\/schema\\\/logo\\\/image\\\/\"},\"sameAs\":[\"https:\\\/\\\/www.facebook.com\\\/motionfriendsdigital\",\"https:\\\/\\\/instagram.com\\\/arthur_siqueira.insta\\\/\",\"https:\\\/\\\/www.youtube.com\\\/user\\\/kakarottosmoker\"]}]}<\/script>\n<!-- \/ Yoast SEO plugin. -->","yoast_head_json":{"title":"Pol\u00edtica de Privacidade - Motion Friends","robots":{"index":"index","follow":"follow","max-snippet":"max-snippet:-1","max-image-preview":"max-image-preview:large","max-video-preview":"max-video-preview:-1"},"canonical":"https:\/\/motionfriends.com\/politica-de-privacidade\/","og_locale":"pt_BR","og_type":"article","og_title":"Pol\u00edtica de Privacidade - Motion Friends","og_url":"https:\/\/motionfriends.com\/politica-de-privacidade\/","og_site_name":"Motion Friends","article_publisher":"https:\/\/www.facebook.com\/motionfriendsdigital","twitter_card":"summary_large_image","twitter_misc":{"Est. tempo de leitura":"5 minutos"},"schema":{"@context":"https:\/\/schema.org","@graph":[{"@type":"WebPage","@id":"https:\/\/motionfriends.com\/politica-de-privacidade\/","url":"https:\/\/motionfriends.com\/politica-de-privacidade\/","name":"Pol\u00edtica de Privacidade - Motion Friends","isPartOf":{"@id":"https:\/\/motionfriends.com\/#website"},"datePublished":"2021-07-31T15:56:27+00:00","breadcrumb":{"@id":"https:\/\/motionfriends.com\/politica-de-privacidade\/#breadcrumb"},"inLanguage":"pt-BR","potentialAction":[{"@type":"ReadAction","target":["https:\/\/motionfriends.com\/politica-de-privacidade\/"]}]},{"@type":"BreadcrumbList","@id":"https:\/\/motionfriends.com\/politica-de-privacidade\/#breadcrumb","itemListElement":[{"@type":"ListItem","position":1,"name":"Home","item":"https:\/\/motionfriends.com\/"},{"@type":"ListItem","position":2,"name":"Pol\u00edtica de Privacidade"}]},{"@type":"WebSite","@id":"https:\/\/motionfriends.com\/#website","url":"https:\/\/motionfriends.com\/","name":"Motion Friends","description":"Digital solutions for you","publisher":{"@id":"https:\/\/motionfriends.com\/#organization"},"potentialAction":[{"@type":"SearchAction","target":{"@type":"EntryPoint","urlTemplate":"https:\/\/motionfriends.com\/?s={search_term_string}"},"query-input":{"@type":"PropertyValueSpecification","valueRequired":true,"valueName":"search_term_string"}}],"inLanguage":"pt-BR"},{"@type":"Organization","@id":"https:\/\/motionfriends.com\/#organization","name":"Motion Friends","url":"https:\/\/motionfriends.com\/","logo":{"@type":"ImageObject","inLanguage":"pt-BR","@id":"https:\/\/motionfriends.com\/#\/schema\/logo\/image\/","url":"https:\/\/motionfriends.com\/wp-content\/uploads\/2015\/07\/motionfriends_logo_v01.png","contentUrl":"https:\/\/motionfriends.com\/wp-content\/uploads\/2015\/07\/motionfriends_logo_v01.png","width":720,"height":720,"caption":"Motion Friends"},"image":{"@id":"https:\/\/motionfriends.com\/#\/schema\/logo\/image\/"},"sameAs":["https:\/\/www.facebook.com\/motionfriendsdigital","https:\/\/instagram.com\/arthur_siqueira.insta\/","https:\/\/www.youtube.com\/user\/kakarottosmoker"]}]}},"_links":{"self":[{"href":"https:\/\/motionfriends.com\/pb\/wp-json\/wp\/v2\/pages\/1034","targetHints":{"allow":["GET"]}}],"collection":[{"href":"https:\/\/motionfriends.com\/pb\/wp-json\/wp\/v2\/pages"}],"about":[{"href":"https:\/\/motionfriends.com\/pb\/wp-json\/wp\/v2\/types\/page"}],"author":[{"embeddable":true,"href":"https:\/\/motionfriends.com\/pb\/wp-json\/wp\/v2\/users\/1"}],"replies":[{"embeddable":true,"href":"https:\/\/motionfriends.com\/pb\/wp-json\/wp\/v2\/comments?post=1034"}],"version-history":[{"count":1,"href":"https:\/\/motionfriends.com\/pb\/wp-json\/wp\/v2\/pages\/1034\/revisions"}],"predecessor-version":[{"id":1036,"href":"https:\/\/motionfriends.com\/pb\/wp-json\/wp\/v2\/pages\/1034\/revisions\/1036"}],"wp:attachment":[{"href":"https:\/\/motionfriends.com\/pb\/wp-json\/wp\/v2\/media?parent=1034"}],"curies":[{"name":"wp","href":"https:\/\/api.w.org\/{rel}","templated":true}]}}